{"id":3460,"date":"2019-04-15T15:16:16","date_gmt":"2019-04-15T14:16:16","guid":{"rendered":"http:\/\/casacalenc.com\/prices\/"},"modified":"2019-04-15T15:16:18","modified_gmt":"2019-04-15T14:16:18","slug":"prices","status":"publish","type":"page","link":"https:\/\/casacalenc.com\/en\/prices\/","title":{"rendered":"Prices"},"content":{"rendered":"\t\t<div data-elementor-type=\"wp-post\" data-elementor-id=\"3460\" class=\"elementor elementor-3460 elementor-bc-flex-widget\">\n\t\t\t\t\t\t<section class=\"elementor-section elementor-top-section elementor-element elementor-element-55a9e94 elementor-section-height-min-height elementor-section-boxed elementor-section-height-default elementor-section-items-middle\" data-id=\"55a9e94\" data-element_type=\"section\" data-settings=\"{&quot;background_background&quot;:&quot;classic&quot;}\">\n\t\t\t\t\t\t<div class=\"elementor-container elementor-column-gap-default\">\n\t\t\t\t\t<div class=\"elementor-column elementor-col-100 elementor-top-column elementor-element elementor-element-f54f478\" data-id=\"f54f478\" data-element_type=\"column\">\n\t\t\t<div class=\"elementor-widget-wrap elementor-element-populated\">\n\t\t\t\t\t\t<div class=\"elementor-element elementor-element-bdfe7f4 elementor-widget elementor-widget-spacer\" data-id=\"bdfe7f4\" data-element_type=\"widget\" data-widget_type=\"spacer.default\">\n\t\t\t\t<div class=\"elementor-widget-container\">\n\t\t\t\t\t\t\t<div class=\"elementor-spacer\">\n\t\t\t<div class=\"elementor-spacer-inner\"><\/div>\n\t\t<\/div>\n\t\t\t\t\t\t<\/div>\n\t\t\t\t<\/div>\n\t\t\t\t<div class=\"elementor-element elementor-element-cc060e3 elementor-widget elementor-widget-heading\" data-id=\"cc060e3\" data-element_type=\"widget\" data-widget_type=\"heading.default\">\n\t\t\t\t<div class=\"elementor-widget-container\">\n\t\t\t\t\t<h2 class=\"elementor-heading-title elementor-size-default\">For prices click on the number of the apartment<\/h2>\t\t\t\t<\/div>\n\t\t\t\t<\/div>\n\t\t\t\t<div class=\"elementor-element elementor-element-203f9ae elementor-widget elementor-widget-spacer\" data-id=\"203f9ae\" data-element_type=\"widget\" data-widget_type=\"spacer.default\">\n\t\t\t\t<div class=\"elementor-widget-container\">\n\t\t\t\t\t\t\t<div class=\"elementor-spacer\">\n\t\t\t<div class=\"elementor-spacer-inner\"><\/div>\n\t\t<\/div>\n\t\t\t\t\t\t<\/div>\n\t\t\t\t<\/div>\n\t\t\t\t<section class=\"elementor-section elementor-inner-section elementor-element elementor-element-400f2ee elementor-section-boxed elementor-section-height-default elementor-section-height-default\" data-id=\"400f2ee\" data-element_type=\"section\">\n\t\t\t\t\t\t<div class=\"elementor-container elementor-column-gap-default\">\n\t\t\t\t\t<div class=\"elementor-column elementor-col-50 elementor-inner-column elementor-element elementor-element-963a8eb\" data-id=\"963a8eb\" data-element_type=\"column\">\n\t\t\t<div class=\"elementor-widget-wrap elementor-element-populated\">\n\t\t\t\t\t\t<div class=\"elementor-element elementor-element-e51fc02 th-btn-align-right elementor-widget elementor-widget-themo-button\" data-id=\"e51fc02\" data-element_type=\"widget\" data-widget_type=\"themo-button.default\">\n\t\t\t\t<div class=\"elementor-widget-container\">\n\t\t\t\t\t\n                                            <a class=\"btn-1 th-btn btn-image\" href=\"https:\/\/casacalenc.com\/prijzen-casa-calenc-137\/\">\n                    <img decoding=\"async\" width=\"120\" height=\"80\" src=\"https:\/\/casacalenc.com\/wp-content\/uploads\/2018\/11\/Huisnummer-137-120x80.jpg\" class=\"\" alt=\"\" \/>                <\/a>\n                    \n        \n\t\t\t\t\t\t<\/div>\n\t\t\t\t<\/div>\n\t\t\t\t\t<\/div>\n\t\t<\/div>\n\t\t\t\t<div class=\"elementor-column elementor-col-50 elementor-inner-column elementor-element elementor-element-cfcccc0\" data-id=\"cfcccc0\" data-element_type=\"column\">\n\t\t\t<div class=\"elementor-widget-wrap elementor-element-populated\">\n\t\t\t\t\t\t<div class=\"elementor-element elementor-element-9adac1c th-btn-align-center elementor-widget elementor-widget-themo-button\" data-id=\"9adac1c\" data-element_type=\"widget\" data-widget_type=\"themo-button.default\">\n\t\t\t\t<div class=\"elementor-widget-container\">\n\t\t\t\t\t\n                                            <a class=\"btn-1 th-btn btn-image\" href=\"http:\/\/casacalenc.com\/prijzen-casa-calenc-138\/\">\n                    <img decoding=\"async\" width=\"120\" height=\"80\" src=\"https:\/\/casacalenc.com\/wp-content\/uploads\/2018\/11\/Huisnummer-138-120x80.jpg\" class=\"\" alt=\"\" \/>                <\/a>\n                    \n        \n\t\t\t\t\t\t<\/div>\n\t\t\t\t<\/div>\n\t\t\t\t\t<\/div>\n\t\t<\/div>\n\t\t\t\t\t<\/div>\n\t\t<\/section>\n\t\t\t\t\t<\/div>\n\t\t<\/div>\n\t\t\t\t\t<\/div>\n\t\t<\/section>\n\t\t\t\t<\/div>\n\t\t","protected":false},"excerpt":{"rendered":"<p>For prices click on the number of the apartment<\/p>\n","protected":false},"author":1,"featured_media":0,"parent":0,"menu_order":0,"comment_status":"closed","ping_status":"closed","template":"","meta":{"wprm-recipe-roundup-name":"","wprm-recipe-roundup-description":"","_exactmetrics_skip_tracking":false,"_exactmetrics_sitenote_active":false,"_exactmetrics_sitenote_note":"","_exactmetrics_sitenote_category":0,"footnotes":""},"class_list":["post-3460","page","type-page","status-publish","hentry"],"yoast_head":"<!-- This site is optimized with the Yoast SEO Premium plugin v23.9 (Yoast SEO v26.1.1) - https:\/\/yoast.com\/wordpress\/plugins\/seo\/ -->\n<title>Prices - Casa Cal\u00e9nc<\/title>\n<meta name=\"description\" content=\"Prices apartments Casa Cal\u00e9nc 137 en Casa Cal\u00e9nc 138\" \/>\n<meta name=\"robots\" content=\"index, follow, max-snippet:-1, max-image-preview:large, max-video-preview:-1\" \/>\n<link rel=\"canonical\" href=\"https:\/\/casacalenc.com\/prices\/\" \/>\n<meta property=\"og:locale\" content=\"en_US\" \/>\n<meta property=\"og:type\" content=\"article\" \/>\n<meta property=\"og:title\" content=\"Prices\" \/>\n<meta property=\"og:description\" content=\"Prices apartments Casa Cal\u00e9nc 137 en Casa Cal\u00e9nc 138\" \/>\n<meta property=\"og:url\" content=\"https:\/\/casacalenc.com\/prices\/\" \/>\n<meta property=\"og:site_name\" content=\"Casa Cal\u00e9nc\" \/>\n<meta property=\"article:publisher\" content=\"https:\/\/facebook.com\/casacalenc\" \/>\n<meta property=\"article:modified_time\" content=\"2019-04-15T14:16:18+00:00\" \/>\n<meta property=\"og:image\" content=\"https:\/\/casacalenc.com\/wp-content\/uploads\/2018\/11\/Huisnummer-137-120x80.jpg\" \/>\n<meta name=\"twitter:card\" content=\"summary_large_image\" \/>\n<script type=\"application\/ld+json\" class=\"yoast-schema-graph\">{\"@context\":\"https:\/\/schema.org\",\"@graph\":[{\"@type\":\"WebPage\",\"@id\":\"https:\/\/casacalenc.com\/prices\/\",\"url\":\"https:\/\/casacalenc.com\/prices\/\",\"name\":\"Prices - Casa Cal\u00e9nc\",\"isPartOf\":{\"@id\":\"https:\/\/casacalenc.com\/#website\"},\"primaryImageOfPage\":{\"@id\":\"https:\/\/casacalenc.com\/prices\/#primaryimage\"},\"image\":{\"@id\":\"https:\/\/casacalenc.com\/prices\/#primaryimage\"},\"thumbnailUrl\":\"https:\/\/casacalenc.com\/wp-content\/uploads\/2018\/11\/Huisnummer-137-120x80.jpg\",\"datePublished\":\"2019-04-15T14:16:16+00:00\",\"dateModified\":\"2019-04-15T14:16:18+00:00\",\"description\":\"Prices apartments Casa Cal\u00e9nc 137 en Casa Cal\u00e9nc 138\",\"breadcrumb\":{\"@id\":\"https:\/\/casacalenc.com\/prices\/#breadcrumb\"},\"inLanguage\":\"en-US\",\"potentialAction\":[{\"@type\":\"ReadAction\",\"target\":[\"https:\/\/casacalenc.com\/prices\/\"]}]},{\"@type\":\"ImageObject\",\"inLanguage\":\"en-US\",\"@id\":\"https:\/\/casacalenc.com\/prices\/#primaryimage\",\"url\":\"https:\/\/casacalenc.com\/wp-content\/uploads\/2018\/11\/Huisnummer-137-120x80.jpg\",\"contentUrl\":\"https:\/\/casacalenc.com\/wp-content\/uploads\/2018\/11\/Huisnummer-137-120x80.jpg\"},{\"@type\":\"BreadcrumbList\",\"@id\":\"https:\/\/casacalenc.com\/prices\/#breadcrumb\",\"itemListElement\":[{\"@type\":\"ListItem\",\"position\":1,\"name\":\"Home\",\"item\":\"https:\/\/casacalenc.com\/\"},{\"@type\":\"ListItem\",\"position\":2,\"name\":\"Prices\"}]},{\"@type\":\"WebSite\",\"@id\":\"https:\/\/casacalenc.com\/#website\",\"url\":\"https:\/\/casacalenc.com\/\",\"name\":\"Casa Cal\u00e9nc\",\"description\":\"En nog een WordPress site\",\"publisher\":{\"@id\":\"https:\/\/casacalenc.com\/#organization\"},\"potentialAction\":[{\"@type\":\"SearchAction\",\"target\":{\"@type\":\"EntryPoint\",\"urlTemplate\":\"https:\/\/casacalenc.com\/?s={search_term_string}\"},\"query-input\":{\"@type\":\"PropertyValueSpecification\",\"valueRequired\":true,\"valueName\":\"search_term_string\"}}],\"inLanguage\":\"en-US\"},{\"@type\":\"Organization\",\"@id\":\"https:\/\/casacalenc.com\/#organization\",\"name\":\"Casa Cal\u00e9nc\",\"url\":\"https:\/\/casacalenc.com\/\",\"logo\":{\"@type\":\"ImageObject\",\"inLanguage\":\"en-US\",\"@id\":\"https:\/\/casacalenc.com\/#\/schema\/logo\/image\/\",\"url\":\"https:\/\/casacalenc.com\/wp-content\/uploads\/2018\/11\/Logo-PCC-02-1700X500-transparant.png\",\"contentUrl\":\"https:\/\/casacalenc.com\/wp-content\/uploads\/2018\/11\/Logo-PCC-02-1700X500-transparant.png\",\"width\":1700,\"height\":500,\"caption\":\"Casa Cal\u00e9nc\"},\"image\":{\"@id\":\"https:\/\/casacalenc.com\/#\/schema\/logo\/image\/\"},\"sameAs\":[\"https:\/\/facebook.com\/casacalenc\",\"https:\/\/instagram.com\/casacalenc\",\"https:\/\/www.youtube.com\/user\/balkonaandemaas\"]}]}<\/script>\n<!-- \/ Yoast SEO Premium plugin. -->","yoast_head_json":{"title":"Prices - Casa Cal\u00e9nc","description":"Prices apartments Casa Cal\u00e9nc 137 en Casa Cal\u00e9nc 138","robots":{"index":"index","follow":"follow","max-snippet":"max-snippet:-1","max-image-preview":"max-image-preview:large","max-video-preview":"max-video-preview:-1"},"canonical":"https:\/\/casacalenc.com\/prices\/","og_locale":"en_US","og_type":"article","og_title":"Prices","og_description":"Prices apartments Casa Cal\u00e9nc 137 en Casa Cal\u00e9nc 138","og_url":"https:\/\/casacalenc.com\/prices\/","og_site_name":"Casa Cal\u00e9nc","article_publisher":"https:\/\/facebook.com\/casacalenc","article_modified_time":"2019-04-15T14:16:18+00:00","og_image":[{"url":"https:\/\/casacalenc.com\/wp-content\/uploads\/2018\/11\/Huisnummer-137-120x80.jpg","type":"","width":"","height":""}],"twitter_card":"summary_large_image","schema":{"@context":"https:\/\/schema.org","@graph":[{"@type":"WebPage","@id":"https:\/\/casacalenc.com\/prices\/","url":"https:\/\/casacalenc.com\/prices\/","name":"Prices - Casa Cal\u00e9nc","isPartOf":{"@id":"https:\/\/casacalenc.com\/#website"},"primaryImageOfPage":{"@id":"https:\/\/casacalenc.com\/prices\/#primaryimage"},"image":{"@id":"https:\/\/casacalenc.com\/prices\/#primaryimage"},"thumbnailUrl":"https:\/\/casacalenc.com\/wp-content\/uploads\/2018\/11\/Huisnummer-137-120x80.jpg","datePublished":"2019-04-15T14:16:16+00:00","dateModified":"2019-04-15T14:16:18+00:00","description":"Prices apartments Casa Cal\u00e9nc 137 en Casa Cal\u00e9nc 138","breadcrumb":{"@id":"https:\/\/casacalenc.com\/prices\/#breadcrumb"},"inLanguage":"en-US","potentialAction":[{"@type":"ReadAction","target":["https:\/\/casacalenc.com\/prices\/"]}]},{"@type":"ImageObject","inLanguage":"en-US","@id":"https:\/\/casacalenc.com\/prices\/#primaryimage","url":"https:\/\/casacalenc.com\/wp-content\/uploads\/2018\/11\/Huisnummer-137-120x80.jpg","contentUrl":"https:\/\/casacalenc.com\/wp-content\/uploads\/2018\/11\/Huisnummer-137-120x80.jpg"},{"@type":"BreadcrumbList","@id":"https:\/\/casacalenc.com\/prices\/#breadcrumb","itemListElement":[{"@type":"ListItem","position":1,"name":"Home","item":"https:\/\/casacalenc.com\/"},{"@type":"ListItem","position":2,"name":"Prices"}]},{"@type":"WebSite","@id":"https:\/\/casacalenc.com\/#website","url":"https:\/\/casacalenc.com\/","name":"Casa Cal\u00e9nc","description":"En nog een WordPress site","publisher":{"@id":"https:\/\/casacalenc.com\/#organization"},"potentialAction":[{"@type":"SearchAction","target":{"@type":"EntryPoint","urlTemplate":"https:\/\/casacalenc.com\/?s={search_term_string}"},"query-input":{"@type":"PropertyValueSpecification","valueRequired":true,"valueName":"search_term_string"}}],"inLanguage":"en-US"},{"@type":"Organization","@id":"https:\/\/casacalenc.com\/#organization","name":"Casa Cal\u00e9nc","url":"https:\/\/casacalenc.com\/","logo":{"@type":"ImageObject","inLanguage":"en-US","@id":"https:\/\/casacalenc.com\/#\/schema\/logo\/image\/","url":"https:\/\/casacalenc.com\/wp-content\/uploads\/2018\/11\/Logo-PCC-02-1700X500-transparant.png","contentUrl":"https:\/\/casacalenc.com\/wp-content\/uploads\/2018\/11\/Logo-PCC-02-1700X500-transparant.png","width":1700,"height":500,"caption":"Casa Cal\u00e9nc"},"image":{"@id":"https:\/\/casacalenc.com\/#\/schema\/logo\/image\/"},"sameAs":["https:\/\/facebook.com\/casacalenc","https:\/\/instagram.com\/casacalenc","https:\/\/www.youtube.com\/user\/balkonaandemaas"]}]}},"_links":{"self":[{"href":"https:\/\/casacalenc.com\/en\/wp-json\/wp\/v2\/pages\/3460","targetHints":{"allow":["GET"]}}],"collection":[{"href":"https:\/\/casacalenc.com\/en\/wp-json\/wp\/v2\/pages"}],"about":[{"href":"https:\/\/casacalenc.com\/en\/wp-json\/wp\/v2\/types\/page"}],"author":[{"embeddable":true,"href":"https:\/\/casacalenc.com\/en\/wp-json\/wp\/v2\/users\/1"}],"replies":[{"embeddable":true,"href":"https:\/\/casacalenc.com\/en\/wp-json\/wp\/v2\/comments?post=3460"}],"version-history":[{"count":1,"href":"https:\/\/casacalenc.com\/en\/wp-json\/wp\/v2\/pages\/3460\/revisions"}],"predecessor-version":[{"id":3461,"href":"https:\/\/casacalenc.com\/en\/wp-json\/wp\/v2\/pages\/3460\/revisions\/3461"}],"wp:attachment":[{"href":"https:\/\/casacalenc.com\/en\/wp-json\/wp\/v2\/media?parent=3460"}],"curies":[{"name":"wp","href":"https:\/\/api.w.org\/{rel}","templated":true}]}}